{"id":34,"date":"2019-10-20T16:57:05","date_gmt":"2019-10-20T16:57:05","guid":{"rendered":"http:\/\/thedayworld.com\/?page_id=34"},"modified":"2024-10-17T17:18:15","modified_gmt":"2024-10-17T20:18:15","slug":"termos-de-uso","status":"publish","type":"page","link":"https:\/\/minutonoticia.com\/en\/termos-de-uso\/","title":{"rendered":"Terms of Use"},"content":{"rendered":"<p>O website Minuto Not\u00edcia \u00e9 um servi\u00e7o interativo oferecido por meio de p\u00e1gina eletr\u00f4nica na internet que oferece informa\u00e7\u00f5es sobre finan\u00e7as pessoais, neg\u00f3cios, investimentos, etc, a partir da integra\u00e7\u00e3o de diversas fontes de informa\u00e7\u00e3o. O acesso ao Minuto Not\u00edcia representa a aceita\u00e7\u00e3o expressa e irrestrita dos termos de uso abaixo descritos. Se voc\u00ea n\u00e3o concorda com os termos, por favor, n\u00e3o acesse nem utilize este website.<\/p>\n\n\n\n<p>O visitante poder\u00e1 usar este site apenas para finalidades l\u00edcitas. Este espa\u00e7o n\u00e3o poder\u00e1 ser utilizado para para publicar, enviar, distribuir ou divulgar conte\u00fados ou informa\u00e7\u00e3o de car\u00e1ter difamat\u00f3rio, obsceno ou il\u00edcito, inclusive informa\u00e7\u00f5es de propriedade exclusiva pertencentes a outras pessoas ou empresas, bem como marcas registradas ou informa\u00e7\u00f5es protegidas por direitos autorais, sem a expressa autoriza\u00e7\u00e3o do detentor desses direitos. Ainda, o visitante n\u00e3o poder\u00e1 usar o site Minuto Not\u00edcia para obter ou divulgar informa\u00e7\u00f5es pessoais, inclusive endere\u00e7os na Internet, sobre os usu\u00e1rios do site.<\/p>\n\n\n\n<p>O Minuto Not\u00edcia empenha-se em manter a qualidade, atualidade e autenticidade das informa\u00e7\u00f5es do site, mas seus criadores e colaboradores n\u00e3o se responsabilizam por eventuais falhas nos servi\u00e7os ou inexatid\u00e3o das informa\u00e7\u00f5es oferecidas. O usu\u00e1rio n\u00e3o deve ter como pressuposto que tais servi\u00e7os e informa\u00e7\u00f5es s\u00e3o isentos de erros ou ser\u00e3o adequados aos seus objetivos particulares. Os criadores e colaboradores tampouco assumem o compromisso de atualizar as informa\u00e7\u00f5es, e reservam-se o direito de alterar as condi\u00e7\u00f5es de uso ou pre\u00e7os dos servi\u00e7os e produtos oferecidos no site a qualquer momento.<\/p>\n\n\n\n<p>O acesso ao site Minuto Not\u00edcia \u00e9 gratuito. O Minuto Not\u00edcia poder\u00e1 criar \u00e1reas de acesso exclusivo aos seus clientes ou para terceiros especialmente autorizados.<\/p>\n\n\n\n<p>Os criadores e colaboradores do Minuto Not\u00edcia poder\u00e3o a seu exclusivo crit\u00e9rio e em qualquer tempo, modificar ou desativar o site, bem como limitar, cancelar ou suspender seu uso ou o acesso. Tamb\u00e9m estes Termos de Uso poder\u00e3o ser alterados a qualquer tempo. Visite regularmente esta p\u00e1gina e consulte os Termos ent\u00e3o vigentes. Algumas disposi\u00e7\u00f5es destes Termos podem ser substitu\u00eddas por termos ou avisos legais expressos localizados em determinadas p\u00e1ginas deste site.<\/p>\n\n\n\n<h2 class=\"wp-block-heading\">Erros e falhas<\/h2>\n\n\n\n<p>Os documentos, informa\u00e7\u00f5es, imagens e gr\u00e1ficos publicados neste site podem conter imprecis\u00f5es t\u00e9cnicas ou erros tipogr\u00e1ficos. Em nenhuma hip\u00f3tese o Minuto Not\u00edcia e\/ou seus respectivos fornecedores ser\u00e3o respons\u00e1veis por qualquer dano direto ou indireto decorrente da impossibilidade de uso, perda de dados ou lucros, resultante do acesso e desempenho do site, dos servi\u00e7os oferecidos ou de informa\u00e7\u00f5es dispon\u00edveis neste site. O acesso aos servi\u00e7os, materiais, informa\u00e7\u00f5es e facilidades contidas neste website n\u00e3o garante a sua qualidade.<\/p>\n\n\n\n<h2 class=\"wp-block-heading\">Limita\u00e7\u00e3o da responsabilidade<\/h2>\n\n\n\n<p>Os materiais s\u00e3o fornecidos neste website sem nenhuma garantia expl\u00edcita ou impl\u00edcita de comercializa\u00e7\u00e3o ou adequa\u00e7\u00e3o a qualquer objetivo espec\u00edfico. Em nenhum caso o Minuto Not\u00edcia ou os seus colaboradores ser\u00e3o responsabilizados por quaisquer danos, incluindo lucros cessantes, interrup\u00e7\u00e3o de neg\u00f3cio, ou perda de informa\u00e7\u00e3o que resultem do uso ou da incapacidade de usar os materiais. O Minuto Not\u00edcia n\u00e3o garante a precis\u00e3o ou integridade das informa\u00e7\u00f5es, textos, gr\u00e1ficos, links e outros itens dos materiais.<br>O Minuto Not\u00edcia n\u00e3o se responsabiliza pelo conte\u00fado dos artigos e informa\u00e7\u00f5es aqui publicadas, uma vez que os textos s\u00e3o de autoria de terceiros e n\u00e3o traduzem, necessariamente, a opini\u00e3o do website.<\/p>\n\n\n\n<p>O Minuto Not\u00edcia tampouco \u00e9 respons\u00e1vel pela viola\u00e7\u00e3o de direitos autorais decorrente de informa\u00e7\u00f5es, documentos e materiais publicados neste website, comprometendo-se a retir\u00e1-los do ar assim que notificado da infra\u00e7\u00e3o.<\/p>\n\n\n\n<h2 class=\"wp-block-heading\">Informa\u00e7\u00f5es enviadas pelos usu\u00e1rios e colaboradores<\/h2>\n\n\n\n<p>Qualquer material, informa\u00e7\u00e3o, artigos ou outras comunica\u00e7\u00f5es que forem transmitidas, enviadas ou publicadas neste site ser\u00e3o considerados informa\u00e7\u00e3o n\u00e3o confidencial, e qualquer viola\u00e7\u00e3o aos direitos dos seus criadores n\u00e3o ser\u00e1 de responsabilidade do Minuto Not\u00edcia. \u00c9 terminantemente proibido transmitir, trocar ou publicar, atrav\u00e9s deste website, qualquer material de cunho obsceno, difamat\u00f3rio ou ilegal, bem como textos ou cria\u00e7\u00f5es de terceiros sem a autoriza\u00e7\u00e3o do autor. O Minuto Not\u00edcia reserva-se o direito de restringir o acesso \u00e0s informa\u00e7\u00f5es enviadas por terceiros aos seus usu\u00e1rios.<\/p>\n\n\n\n<p>O Minuto Not\u00edcia poder\u00e1, mas n\u00e3o \u00e9 obrigado, a monitorar, revistar e restringir o acesso a qualquer \u00e1rea no site onde usu\u00e1rios transmitem e trocam informa\u00e7\u00f5es entre si, incluindo, mas n\u00e3o limitado a, salas de chat, centro de mensagens ou outros f\u00f3runs de debates, podendo retirar do ar ou retirar o acesso a qualquer destas informa\u00e7\u00f5es ou comunica\u00e7\u00f5es. Por\u00e9m, o Minuto Not\u00edcia n\u00e3o \u00e9 respons\u00e1vel pelo conte\u00fado de qualquer uma das informa\u00e7\u00f5es trocadas entre os usu\u00e1rios, sejam elas l\u00edcitas ou il\u00edcitas.<\/p>\n\n\n\n<h2 class=\"wp-block-heading\">Links para sites de terceiros<\/h2>\n\n\n\n<p>Os sites apontados n\u00e3o est\u00e3o sob o controle do Minuto Not\u00edcia que n\u00e3o \u00e9 respons\u00e1vel pelo conte\u00fado de qualquer outro website indicado ou acessado por meio do Minuto Not\u00edcia reserva-se o direito de eliminar qualquer link ou direcionamento a outros sites ou servi\u00e7os a qualquer momento. O Minuto Not\u00edcia n\u00e3o endossa firmas ou produtos indicados, acessados ou divulgados atrav\u00e9s deste website, tampouco pelos an\u00fancios aqui publicados, reservando-sese o direito de publicar este alerta em suas p\u00e1ginas eletr\u00f4nicas sempre que considerar necess\u00e1rio.<\/p>\n\n\n\n<h2 class=\"wp-block-heading\">Direitos autorais e propriedade intelectual<\/h2>\n\n\n\n<p>Os documentos, conte\u00fados e cria\u00e7\u00f5es contidos neste website pertencem aos seus criadores e colaboradores. A autoria dos conte\u00fado, material e imagens exibidos no Minuto Not\u00edcia \u00e9 protegida por leis nacionais e internacionais. N\u00e3o podem ser copiados, reproduzidos, modificados, publicados, atualizados, postados, transmitidos ou distribu\u00eddos de qualquer maneira sem autoriza\u00e7\u00e3o pr\u00e9via e por escrito do Minuto Not\u00edcia.<\/p>\n\n\n\n<p>As imagens contidas neste website s\u00e3o aqui incorporadas apenas para fins de visualiza\u00e7\u00e3o, e, salvo autoriza\u00e7\u00e3o expressa por escrito, n\u00e3o podem ser gravadas ou baixadas via download. A reprodu\u00e7\u00e3o ou armazenamento de materiais recuperados a partir deste servi\u00e7o sujeitar\u00e1 os infratores \u00e0s penas da lei.<\/p>\n\n\n\n<p>O nome do site Minuto Not\u00edcia, seu logotipo, o nome de dom\u00ednio para acesso na Internet, bem como todos os elementos caracter\u00edsticos da tecnologia desenvolvida e aqui apresentada, sob a forma da articula\u00e7\u00e3o de bases de dados, constituem marcas registradas e propriedades intelectuais privadas e todos os direitos decorrentes de seu registro s\u00e3o assegurados por lei. Alguns direitos de uso podem ser cedidos por Minuto Not\u00edcia em contrato ou licen\u00e7a especial, que pode ser cancelada a qualquer momento se n\u00e3o cumpridos os seus termos.<\/p>\n\n\n\n<p>As marcas registradas do Minuto Not\u00edcia s\u00f3 podem ser usadas publicamente com autoriza\u00e7\u00e3o expressa. O uso destas marcas registradas em publicidade e promo\u00e7\u00e3o de produtos deve ser adequadamente informado.<\/p>\n\n\n\n<h2 class=\"wp-block-heading\">Reclama\u00e7\u00f5es sobre viola\u00e7\u00e3o de direitos autorais<\/h2>\n\n\n\n<p>O Minuto Not\u00edcia respeita a propriedade intelectual de outras pessoas ou empresas e solicitamos aos nossos membros que fa\u00e7am o mesmo. Toda e qualquer viola\u00e7\u00e3o de direitos autorais dever\u00e1 ser notificada ao Minuto Not\u00edcia e acompanhada dos documentos e informa\u00e7\u00f5es que confirmam a autoria. A notifica\u00e7\u00e3o poder\u00e1 ser enviada pelos e-mails constantes do site ou via postal para o endere\u00e7o do site.<\/p>\n\n\n\n<h2 class=\"wp-block-heading\">Leis aplic\u00e1veis<\/h2>\n\n\n\n<p>Este site \u00e9 controlado e operado pelo Minuto Not\u00edcia a partir de seu escrit\u00f3rio no endere\u00e7o e n\u00e3o garante que o conte\u00fado ou materiais estejam dispon\u00edveis para uso em outras localidades. Seu acesso \u00e9 proibido em territ\u00f3rios onde o conte\u00fado seja considerado ilegal. Aqueles que optarem por acessar este site a partir de outras localidades o far\u00e3o por iniciativa pr\u00f3pria e ser\u00e3o respons\u00e1veis pelo cumprimento das leis locais aplic\u00e1veis. Os materiais n\u00e3o dever\u00e3o ser usados ou exportados em descumprimento das leis brasileiras sobre exporta\u00e7\u00e3o. Qualquer pend\u00eancia com rela\u00e7\u00e3o aos materiais ser\u00e1 dirimida pelas leis brasileiras.<\/p>\n\n\n\n<p>O acesso ao Minuto Not\u00edcia representa a aceita\u00e7\u00e3o expressa e irrestrita dos termos de uso acima descritos.<\/p>","protected":false},"excerpt":{"rendered":"","protected":false},"author":1,"featured_media":35,"parent":0,"menu_order":0,"comment_status":"closed","ping_status":"closed","template":"","meta":{"footnotes":""},"class_list":{"0":"post-34","1":"page","2":"type-page","3":"status-publish","4":"has-post-thumbnail","6":"infinite-scroll-item"},"yoast_head":"<!-- This site is optimized with the Yoast SEO plugin v26.7 - https:\/\/yoast.com\/wordpress\/plugins\/seo\/ -->\n<title>Isen\u00e7\u00e3o de responsabilidade do site - Minuto Not\u00edcia<\/title>\n<meta name=\"robots\" content=\"noindex, nofollow\" \/>\n<meta property=\"og:locale\" content=\"en_US\" \/>\n<meta property=\"og:type\" content=\"article\" \/>\n<meta property=\"og:title\" content=\"Isen\u00e7\u00e3o de responsabilidade do site - Minuto Not\u00edcia\" \/>\n<meta property=\"og:url\" content=\"https:\/\/minutonoticia.com\/en\/termos-de-uso\/\" \/>\n<meta property=\"og:site_name\" content=\"Minuto Not\u00edcia\" \/>\n<meta property=\"article:modified_time\" content=\"2024-10-17T20:18:15+00:00\" \/>\n<meta name=\"twitter:card\" content=\"summary_large_image\" \/>\n<meta name=\"twitter:label1\" content=\"Est. reading time\" \/>\n\t<meta name=\"twitter:data1\" content=\"7 minutes\" \/>\n<script type=\"application\/ld+json\" class=\"yoast-schema-graph\">{\"@context\":\"https:\/\/schema.org\",\"@graph\":[{\"@type\":\"WebPage\",\"@id\":\"https:\/\/minutonoticia.com\/termos-de-uso\/\",\"url\":\"https:\/\/minutonoticia.com\/termos-de-uso\/\",\"name\":\"Isen\u00e7\u00e3o de responsabilidade do site - Minuto Not\u00edcia\",\"isPartOf\":{\"@id\":\"https:\/\/minutonoticia.com\/#website\"},\"primaryImageOfPage\":{\"@id\":\"https:\/\/minutonoticia.com\/termos-de-uso\/#primaryimage\"},\"image\":{\"@id\":\"https:\/\/minutonoticia.com\/termos-de-uso\/#primaryimage\"},\"thumbnailUrl\":\"\",\"datePublished\":\"2019-10-20T16:57:05+00:00\",\"dateModified\":\"2024-10-17T20:18:15+00:00\",\"breadcrumb\":{\"@id\":\"https:\/\/minutonoticia.com\/termos-de-uso\/#breadcrumb\"},\"inLanguage\":\"en-US\",\"potentialAction\":[{\"@type\":\"ReadAction\",\"target\":[\"https:\/\/minutonoticia.com\/termos-de-uso\/\"]}]},{\"@type\":\"ImageObject\",\"inLanguage\":\"en-US\",\"@id\":\"https:\/\/minutonoticia.com\/termos-de-uso\/#primaryimage\",\"url\":\"\",\"contentUrl\":\"\"},{\"@type\":\"BreadcrumbList\",\"@id\":\"https:\/\/minutonoticia.com\/termos-de-uso\/#breadcrumb\",\"itemListElement\":[{\"@type\":\"ListItem\",\"position\":1,\"name\":\"In\u00edcio\",\"item\":\"https:\/\/minutonoticia.com\/\"},{\"@type\":\"ListItem\",\"position\":2,\"name\":\"Termos de Uso\"}]},{\"@type\":\"WebSite\",\"@id\":\"https:\/\/minutonoticia.com\/#website\",\"url\":\"https:\/\/minutonoticia.com\/\",\"name\":\"Minuto Not\u00edcia\",\"description\":\"Imforma\u00e7\u00e3o atual e de qualidade.\",\"publisher\":{\"@id\":\"https:\/\/minutonoticia.com\/#organization\"},\"potentialAction\":[{\"@type\":\"SearchAction\",\"target\":{\"@type\":\"EntryPoint\",\"urlTemplate\":\"https:\/\/minutonoticia.com\/?s={search_term_string}\"},\"query-input\":{\"@type\":\"PropertyValueSpecification\",\"valueRequired\":true,\"valueName\":\"search_term_string\"}}],\"inLanguage\":\"en-US\"},{\"@type\":\"Organization\",\"@id\":\"https:\/\/minutonoticia.com\/#organization\",\"name\":\"Minuto Not\u00edcia\",\"url\":\"https:\/\/minutonoticia.com\/\",\"logo\":{\"@type\":\"ImageObject\",\"inLanguage\":\"en-US\",\"@id\":\"https:\/\/minutonoticia.com\/#\/schema\/logo\/image\/\",\"url\":\"https:\/\/minutonoticia.com\/wp-content\/uploads\/2024\/10\/logo-mn-blue.png\",\"contentUrl\":\"https:\/\/minutonoticia.com\/wp-content\/uploads\/2024\/10\/logo-mn-blue.png\",\"width\":174,\"height\":90,\"caption\":\"Minuto Not\u00edcia\"},\"image\":{\"@id\":\"https:\/\/minutonoticia.com\/#\/schema\/logo\/image\/\"}}]}<\/script>\n<!-- \/ Yoast SEO plugin. -->","yoast_head_json":{"title":"Isen\u00e7\u00e3o de responsabilidade do site - Minuto Not\u00edcia","robots":{"index":"noindex","follow":"nofollow"},"og_locale":"en_US","og_type":"article","og_title":"Isen\u00e7\u00e3o de responsabilidade do site - Minuto Not\u00edcia","og_url":"https:\/\/minutonoticia.com\/en\/termos-de-uso\/","og_site_name":"Minuto Not\u00edcia","article_modified_time":"2024-10-17T20:18:15+00:00","twitter_card":"summary_large_image","twitter_misc":{"Est. reading time":"7 minutes"},"schema":{"@context":"https:\/\/schema.org","@graph":[{"@type":"WebPage","@id":"https:\/\/minutonoticia.com\/termos-de-uso\/","url":"https:\/\/minutonoticia.com\/termos-de-uso\/","name":"Isen\u00e7\u00e3o de responsabilidade do site - Minuto Not\u00edcia","isPartOf":{"@id":"https:\/\/minutonoticia.com\/#website"},"primaryImageOfPage":{"@id":"https:\/\/minutonoticia.com\/termos-de-uso\/#primaryimage"},"image":{"@id":"https:\/\/minutonoticia.com\/termos-de-uso\/#primaryimage"},"thumbnailUrl":"","datePublished":"2019-10-20T16:57:05+00:00","dateModified":"2024-10-17T20:18:15+00:00","breadcrumb":{"@id":"https:\/\/minutonoticia.com\/termos-de-uso\/#breadcrumb"},"inLanguage":"en-US","potentialAction":[{"@type":"ReadAction","target":["https:\/\/minutonoticia.com\/termos-de-uso\/"]}]},{"@type":"ImageObject","inLanguage":"en-US","@id":"https:\/\/minutonoticia.com\/termos-de-uso\/#primaryimage","url":"","contentUrl":""},{"@type":"BreadcrumbList","@id":"https:\/\/minutonoticia.com\/termos-de-uso\/#breadcrumb","itemListElement":[{"@type":"ListItem","position":1,"name":"In\u00edcio","item":"https:\/\/minutonoticia.com\/"},{"@type":"ListItem","position":2,"name":"Termos de Uso"}]},{"@type":"WebSite","@id":"https:\/\/minutonoticia.com\/#website","url":"https:\/\/minutonoticia.com\/","name":"Minuto Not\u00edcia","description":"Imforma\u00e7\u00e3o atual e de qualidade.","publisher":{"@id":"https:\/\/minutonoticia.com\/#organization"},"potentialAction":[{"@type":"SearchAction","target":{"@type":"EntryPoint","urlTemplate":"https:\/\/minutonoticia.com\/?s={search_term_string}"},"query-input":{"@type":"PropertyValueSpecification","valueRequired":true,"valueName":"search_term_string"}}],"inLanguage":"en-US"},{"@type":"Organization","@id":"https:\/\/minutonoticia.com\/#organization","name":"Minuto Not\u00edcia","url":"https:\/\/minutonoticia.com\/","logo":{"@type":"ImageObject","inLanguage":"en-US","@id":"https:\/\/minutonoticia.com\/#\/schema\/logo\/image\/","url":"https:\/\/minutonoticia.com\/wp-content\/uploads\/2024\/10\/logo-mn-blue.png","contentUrl":"https:\/\/minutonoticia.com\/wp-content\/uploads\/2024\/10\/logo-mn-blue.png","width":174,"height":90,"caption":"Minuto Not\u00edcia"},"image":{"@id":"https:\/\/minutonoticia.com\/#\/schema\/logo\/image\/"}}]}},"_links":{"self":[{"href":"https:\/\/minutonoticia.com\/en\/wp-json\/wp\/v2\/pages\/34","targetHints":{"allow":["GET"]}}],"collection":[{"href":"https:\/\/minutonoticia.com\/en\/wp-json\/wp\/v2\/pages"}],"about":[{"href":"https:\/\/minutonoticia.com\/en\/wp-json\/wp\/v2\/types\/page"}],"author":[{"embeddable":true,"href":"https:\/\/minutonoticia.com\/en\/wp-json\/wp\/v2\/users\/1"}],"replies":[{"embeddable":true,"href":"https:\/\/minutonoticia.com\/en\/wp-json\/wp\/v2\/comments?post=34"}],"version-history":[{"count":6,"href":"https:\/\/minutonoticia.com\/en\/wp-json\/wp\/v2\/pages\/34\/revisions"}],"predecessor-version":[{"id":32476,"href":"https:\/\/minutonoticia.com\/en\/wp-json\/wp\/v2\/pages\/34\/revisions\/32476"}],"wp:featuredmedia":[{"embeddable":true,"href":"https:\/\/minutonoticia.com\/en\/wp-json\/"}],"wp:attachment":[{"href":"https:\/\/minutonoticia.com\/en\/wp-json\/wp\/v2\/media?parent=34"}],"curies":[{"name":"wp","href":"https:\/\/api.w.org\/{rel}","templated":true}]}}