{"id":34,"date":"2019-10-20T16:57:05","date_gmt":"2019-10-20T16:57:05","guid":{"rendered":"http:\/\/thedayworld.com\/?page_id=34"},"modified":"2024-10-17T17:18:15","modified_gmt":"2024-10-17T20:18:15","slug":"termos-de-uso","status":"publish","type":"page","link":"https:\/\/minutonoticia.com\/es\/termos-de-uso\/","title":{"rendered":"Condiciones de uso"},"content":{"rendered":"<p>El sitio web Minuto Not\u00edcia es un servicio interactivo ofrecido a trav\u00e9s de una p\u00e1gina electr\u00f3nica en Internet que ofrece informaci\u00f3n sobre finanzas personales, negocios, inversiones, etc., mediante la integraci\u00f3n de diferentes fuentes de informaci\u00f3n. El acceso a Minuto Not\u00edcia supone la aceptaci\u00f3n expresa y sin restricciones de los t\u00e9rminos de uso que se describen a continuaci\u00f3n. Si no est\u00e1 de acuerdo con los t\u00e9rminos, no acceda ni utilice este sitio web.<\/p>\n\n\n\n<p>El visitante podr\u00e1 utilizar este sitio web s\u00f3lo con fines l\u00edcitos. Este espacio no podr\u00e1 ser utilizado para publicar, enviar, distribuir o difundir contenidos o informaci\u00f3n de car\u00e1cter difamatorio, obsceno o il\u00edcito, incluyendo informaci\u00f3n de propiedad exclusiva de otras personas o empresas, as\u00ed como marcas registradas o informaci\u00f3n protegida por derechos de autor, sin el autorizaci\u00f3n expresa del titular de estos derechos. Adem\u00e1s, el visitante no podr\u00e1 utilizar el sitio web de Minuto Not\u00edcia para obtener o revelar informaci\u00f3n personal, incluidas direcciones de Internet, sobre los usuarios del sitio web.<\/p>\n\n\n\n<p>Minuto Not\u00edcia se esfuerza por mantener la calidad, actualidad y autenticidad de la informaci\u00f3n contenida en el sitio web, pero sus creadores y colaboradores no son responsables de posibles fallas en los servicios o inexactitud de la informaci\u00f3n ofrecida. El usuario no debe asumir que dichos servicios e informaci\u00f3n est\u00e1n libres de errores o ser\u00e1n adecuados para sus fines particulares. Los creadores y contribuyentes tampoco se comprometen a actualizar la informaci\u00f3n, y se reservan el derecho de cambiar las condiciones de uso o los precios de los servicios y productos ofrecidos en el sitio web en cualquier momento.<\/p>\n\n\n\n<p>El acceso al sitio web de Minuto Not\u00edcia es gratuito. Minuto Not\u00edcia podr\u00e1 crear \u00e1reas de acceso exclusivo para sus clientes o para terceros especialmente autorizados.<\/p>\n\n\n\n<p>Los creadores y colaboradores de Minuto Not\u00edcia podr\u00e1n, a su exclusivo criterio y en cualquier momento, modificar o inutilizar el sitio web, as\u00ed como limitar, cancelar o suspender su uso o acceso. Estos T\u00e9rminos de uso tambi\u00e9n pueden modificarse en cualquier momento. Visite esta p\u00e1gina con regularidad y revise los T\u00e9rminos vigentes en ese momento. Ciertas disposiciones de estos T\u00e9rminos pueden ser reemplazadas por t\u00e9rminos legales expresos o avisos ubicados en ciertas p\u00e1ginas de este sitio.<\/p>\n\n\n\n<h2 class=\"wp-block-heading\">Errores y fracasos<\/h2>\n\n\n\n<p>Los documentos, informaci\u00f3n, im\u00e1genes y gr\u00e1ficos publicados en este sitio web pueden contener imprecisiones t\u00e9cnicas o errores tipogr\u00e1ficos. En ning\u00fan caso Minuto Not\u00edcia y\/o sus respectivos proveedores ser\u00e1n responsables de cualquier da\u00f1o directo o indirecto derivado de la imposibilidad de uso, p\u00e9rdida de datos o ganancias, resultantes del acceso y desempe\u00f1o del sitio web, de los servicios ofrecidos o de la informaci\u00f3n disponible en este sitio web. El acceso a los servicios, materiales, informaci\u00f3n e instalaciones contenidos en este sitio web no garantiza su calidad.<\/p>\n\n\n\n<h2 class=\"wp-block-heading\">Limitaci\u00f3n de responsabilidad<\/h2>\n\n\n\n<p>Los materiales se proporcionan en este sitio web sin ninguna garant\u00eda expresa o impl\u00edcita de comerciabilidad o idoneidad para ning\u00fan prop\u00f3sito particular. En ning\u00fan caso Minuto Not\u00edcia o sus colaboradores ser\u00e1n responsables de ning\u00fan da\u00f1o, incluido el lucro cesante, la interrupci\u00f3n del negocio o la p\u00e9rdida de informaci\u00f3n que resulten del uso o la imposibilidad de usar los materiales. Minuto Not\u00edcia no garantiza la exactitud o integridad de la informaci\u00f3n, textos, gr\u00e1ficos, enlaces y otros elementos de los materiales.<br>Minuto Not\u00edcia no es responsable del contenido de los art\u00edculos e informaciones aqu\u00ed publicadas, ya que los textos son escritos por terceros y no reflejan necesariamente la opini\u00f3n del sitio web.<\/p>\n\n\n\n<p>Minuto Not\u00edcia no se responsabiliza por la infracci\u00f3n de derechos de autor derivada de la informaci\u00f3n, documentos y materiales publicados en este sitio web, y se compromete a eliminarlos tan pronto como sea notificado de la infracci\u00f3n.<\/p>\n\n\n\n<h2 class=\"wp-block-heading\">Informaci\u00f3n enviada por usuarios y colaboradores<\/h2>\n\n\n\n<p>Cualquier material, informaci\u00f3n, art\u00edculos u otras comunicaciones que se transmitan, env\u00eden o publiquen en este sitio web ser\u00e1n considerados informaci\u00f3n no confidencial, y cualquier violaci\u00f3n de los derechos de sus creadores no ser\u00e1 responsabilidad de Minuto Not\u00edcia. Queda estrictamente prohibido transmitir, intercambiar o publicar, a trav\u00e9s de este sitio web, cualquier material de car\u00e1cter obsceno, difamatorio o ilegal, as\u00ed como textos o creaciones de terceros sin la autorizaci\u00f3n del autor. Minuto Not\u00edcia se reserva el derecho de restringir el acceso a la informaci\u00f3n enviada por terceros a sus usuarios.<\/p>\n\n\n\n<p>Minuto Not\u00edcia puede, pero no est\u00e1 obligado, monitorear, buscar y restringir el acceso a cualquier \u00e1rea del sitio web donde los usuarios transmiten e intercambian informaci\u00f3n entre ellos, incluidos, entre otros, salas de chat, centros de mensajes u otros foros, y. podr\u00e1 eliminar o eliminar el acceso a cualquiera de esta informaci\u00f3n o comunicaciones. Sin embargo, Minuto Not\u00edcia no es responsable del contenido de ninguna informaci\u00f3n intercambiada entre usuarios, ya sea legal o ilegal.<\/p>\n\n\n\n<h2 class=\"wp-block-heading\">Enlaces a sitios web de terceros<\/h2>\n\n\n\n<p>Los sitios web mencionados no est\u00e1n bajo el control de Minuto Not\u00edcia, que no es responsable del contenido de cualquier otro sitio web indicado o al que se acceda a trav\u00e9s de Minuto Not\u00edcia y se reserva el derecho de eliminar cualquier enlace o direcci\u00f3n a otros sitios web o servicios en cualquier momento. Minuto Not\u00edcia no respalda las empresas o productos indicados, accedidos o divulgados a trav\u00e9s de este sitio web, ni los anuncios aqu\u00ed publicados, reserv\u00e1ndose el derecho de publicar esta alerta en sus p\u00e1ginas electr\u00f3nicas cuando lo considere necesario.<\/p>\n\n\n\n<h2 class=\"wp-block-heading\">Derechos de autor y propiedad intelectual<\/h2>\n\n\n\n<p>Los documentos, contenidos y creaciones contenidas en este sitio web pertenecen a sus creadores y colaboradores. La autor\u00eda del contenido, material e im\u00e1genes mostradas en Minuto Not\u00edcia est\u00e1 protegida por las leyes nacionales e internacionales. No pueden ser copiados, reproducidos, modificados, publicados, actualizados, anunciados, transmitidos o distribuidos de ninguna manera sin la autorizaci\u00f3n previa por escrito de Minuto Not\u00edcia.<\/p>\n\n\n\n<p>Las im\u00e1genes contenidas en este sitio web se incorporan aqu\u00ed \u00fanicamente con fines de visualizaci\u00f3n y, a menos que se autorice expresamente por escrito, no se pueden grabar ni descargar. La reproducci\u00f3n o almacenamiento de materiales recuperados de este servicio someter\u00e1 a los infractores a las sanciones legales.<\/p>\n\n\n\n<p>El nombre del sitio web Minuto Not\u00edcia, su logotipo, el nombre de dominio para el acceso a Internet, as\u00ed como todos los elementos caracter\u00edsticos de la tecnolog\u00eda aqu\u00ed desarrollada y presentada, en forma de articulaci\u00f3n de bases de datos, constituyen marcas registradas y propiedades intelectuales privadas y Todos los derechos derivados de su registro est\u00e1n garantizados por ley. Algunos derechos de uso pueden ser cedidos por Minuto Not\u00edcia en un contrato o licencia especial, que puede cancelarse en cualquier momento si no se cumplen sus t\u00e9rminos.<\/p>\n\n\n\n<p>Las marcas Minuto Not\u00edcia s\u00f3lo podr\u00e1n utilizarse p\u00fablicamente con autorizaci\u00f3n expresa. Se debe informar adecuadamente el uso de estas marcas en publicidad y promoci\u00f3n de productos.<\/p>\n\n\n\n<h2 class=\"wp-block-heading\">Quejas por infracci\u00f3n de derechos de autor<\/h2>\n\n\n\n<p>Minuto Not\u00edcia respeta la propiedad intelectual de otras personas o empresas y pedimos a nuestros miembros que hagan lo mismo. Todas y cada una de las infracciones de derechos de autor deben notificarse a Minuto Not\u00edcia y acompa\u00f1arse de documentos e informaci\u00f3n que confirmen la autor\u00eda. La notificaci\u00f3n podr\u00e1 enviarse por correo electr\u00f3nico en el sitio web o por correo postal a la direcci\u00f3n del sitio web.<\/p>\n\n\n\n<h2 class=\"wp-block-heading\">Leyes aplicables<\/h2>\n\n\n\n<p>Este sitio es controlado y operado por Minuto Not\u00edcia desde su oficina en la direcci\u00f3n y no garantiza que el contenido o los materiales est\u00e9n disponibles para su uso en otros lugares. El acceso est\u00e1 prohibido en territorios donde el contenido se considere ilegal. Quienes opten por acceder a este sitio desde otros lugares lo hacen por iniciativa propia y son responsables del cumplimiento de las leyes locales aplicables. Los materiales no deben utilizarse ni exportarse en violaci\u00f3n de las leyes de exportaci\u00f3n brasile\u00f1as. Cualquier cuesti\u00f3n pendiente respecto de los materiales ser\u00e1 resuelta por la ley brasile\u00f1a.<\/p>\n\n\n\n<p>El acceso a Minuto Not\u00edcia supone la aceptaci\u00f3n expresa y sin restricciones de los t\u00e9rminos de uso descritos anteriormente.<\/p>","protected":false},"excerpt":{"rendered":"","protected":false},"author":1,"featured_media":35,"parent":0,"menu_order":0,"comment_status":"closed","ping_status":"closed","template":"","meta":{"footnotes":""},"class_list":{"0":"post-34","1":"page","2":"type-page","3":"status-publish","4":"has-post-thumbnail","6":"infinite-scroll-item"},"yoast_head":"<!-- This site is optimized with the Yoast SEO plugin v26.7 - https:\/\/yoast.com\/wordpress\/plugins\/seo\/ -->\n<title>Isen\u00e7\u00e3o de responsabilidade do site - Minuto Not\u00edcia<\/title>\n<meta name=\"robots\" content=\"noindex, nofollow\" \/>\n<meta property=\"og:locale\" content=\"es_ES\" \/>\n<meta property=\"og:type\" content=\"article\" \/>\n<meta property=\"og:title\" content=\"Isen\u00e7\u00e3o de responsabilidade do site - Minuto Not\u00edcia\" \/>\n<meta property=\"og:url\" content=\"https:\/\/minutonoticia.com\/es\/termos-de-uso\/\" \/>\n<meta property=\"og:site_name\" content=\"Minuto Not\u00edcia\" \/>\n<meta property=\"article:modified_time\" content=\"2024-10-17T20:18:15+00:00\" \/>\n<meta name=\"twitter:card\" content=\"summary_large_image\" \/>\n<meta name=\"twitter:label1\" content=\"Tiempo de lectura\" \/>\n\t<meta name=\"twitter:data1\" content=\"7 minutos\" \/>\n<script type=\"application\/ld+json\" class=\"yoast-schema-graph\">{\"@context\":\"https:\/\/schema.org\",\"@graph\":[{\"@type\":\"WebPage\",\"@id\":\"https:\/\/minutonoticia.com\/termos-de-uso\/\",\"url\":\"https:\/\/minutonoticia.com\/termos-de-uso\/\",\"name\":\"Isen\u00e7\u00e3o de responsabilidade do site - Minuto Not\u00edcia\",\"isPartOf\":{\"@id\":\"https:\/\/minutonoticia.com\/#website\"},\"primaryImageOfPage\":{\"@id\":\"https:\/\/minutonoticia.com\/termos-de-uso\/#primaryimage\"},\"image\":{\"@id\":\"https:\/\/minutonoticia.com\/termos-de-uso\/#primaryimage\"},\"thumbnailUrl\":\"\",\"datePublished\":\"2019-10-20T16:57:05+00:00\",\"dateModified\":\"2024-10-17T20:18:15+00:00\",\"breadcrumb\":{\"@id\":\"https:\/\/minutonoticia.com\/termos-de-uso\/#breadcrumb\"},\"inLanguage\":\"es\",\"potentialAction\":[{\"@type\":\"ReadAction\",\"target\":[\"https:\/\/minutonoticia.com\/termos-de-uso\/\"]}]},{\"@type\":\"ImageObject\",\"inLanguage\":\"es\",\"@id\":\"https:\/\/minutonoticia.com\/termos-de-uso\/#primaryimage\",\"url\":\"\",\"contentUrl\":\"\"},{\"@type\":\"BreadcrumbList\",\"@id\":\"https:\/\/minutonoticia.com\/termos-de-uso\/#breadcrumb\",\"itemListElement\":[{\"@type\":\"ListItem\",\"position\":1,\"name\":\"In\u00edcio\",\"item\":\"https:\/\/minutonoticia.com\/\"},{\"@type\":\"ListItem\",\"position\":2,\"name\":\"Termos de Uso\"}]},{\"@type\":\"WebSite\",\"@id\":\"https:\/\/minutonoticia.com\/#website\",\"url\":\"https:\/\/minutonoticia.com\/\",\"name\":\"Minuto Not\u00edcia\",\"description\":\"Imforma\u00e7\u00e3o atual e de qualidade.\",\"publisher\":{\"@id\":\"https:\/\/minutonoticia.com\/#organization\"},\"potentialAction\":[{\"@type\":\"SearchAction\",\"target\":{\"@type\":\"EntryPoint\",\"urlTemplate\":\"https:\/\/minutonoticia.com\/?s={search_term_string}\"},\"query-input\":{\"@type\":\"PropertyValueSpecification\",\"valueRequired\":true,\"valueName\":\"search_term_string\"}}],\"inLanguage\":\"es\"},{\"@type\":\"Organization\",\"@id\":\"https:\/\/minutonoticia.com\/#organization\",\"name\":\"Minuto Not\u00edcia\",\"url\":\"https:\/\/minutonoticia.com\/\",\"logo\":{\"@type\":\"ImageObject\",\"inLanguage\":\"es\",\"@id\":\"https:\/\/minutonoticia.com\/#\/schema\/logo\/image\/\",\"url\":\"https:\/\/minutonoticia.com\/wp-content\/uploads\/2024\/10\/logo-mn-blue.png\",\"contentUrl\":\"https:\/\/minutonoticia.com\/wp-content\/uploads\/2024\/10\/logo-mn-blue.png\",\"width\":174,\"height\":90,\"caption\":\"Minuto Not\u00edcia\"},\"image\":{\"@id\":\"https:\/\/minutonoticia.com\/#\/schema\/logo\/image\/\"}}]}<\/script>\n<!-- \/ Yoast SEO plugin. -->","yoast_head_json":{"title":"Isen\u00e7\u00e3o de responsabilidade do site - Minuto Not\u00edcia","robots":{"index":"noindex","follow":"nofollow"},"og_locale":"es_ES","og_type":"article","og_title":"Isen\u00e7\u00e3o de responsabilidade do site - Minuto Not\u00edcia","og_url":"https:\/\/minutonoticia.com\/es\/termos-de-uso\/","og_site_name":"Minuto Not\u00edcia","article_modified_time":"2024-10-17T20:18:15+00:00","twitter_card":"summary_large_image","twitter_misc":{"Tiempo de lectura":"7 minutos"},"schema":{"@context":"https:\/\/schema.org","@graph":[{"@type":"WebPage","@id":"https:\/\/minutonoticia.com\/termos-de-uso\/","url":"https:\/\/minutonoticia.com\/termos-de-uso\/","name":"Isen\u00e7\u00e3o de responsabilidade do site - Minuto Not\u00edcia","isPartOf":{"@id":"https:\/\/minutonoticia.com\/#website"},"primaryImageOfPage":{"@id":"https:\/\/minutonoticia.com\/termos-de-uso\/#primaryimage"},"image":{"@id":"https:\/\/minutonoticia.com\/termos-de-uso\/#primaryimage"},"thumbnailUrl":"","datePublished":"2019-10-20T16:57:05+00:00","dateModified":"2024-10-17T20:18:15+00:00","breadcrumb":{"@id":"https:\/\/minutonoticia.com\/termos-de-uso\/#breadcrumb"},"inLanguage":"es","potentialAction":[{"@type":"ReadAction","target":["https:\/\/minutonoticia.com\/termos-de-uso\/"]}]},{"@type":"ImageObject","inLanguage":"es","@id":"https:\/\/minutonoticia.com\/termos-de-uso\/#primaryimage","url":"","contentUrl":""},{"@type":"BreadcrumbList","@id":"https:\/\/minutonoticia.com\/termos-de-uso\/#breadcrumb","itemListElement":[{"@type":"ListItem","position":1,"name":"In\u00edcio","item":"https:\/\/minutonoticia.com\/"},{"@type":"ListItem","position":2,"name":"Termos de Uso"}]},{"@type":"WebSite","@id":"https:\/\/minutonoticia.com\/#website","url":"https:\/\/minutonoticia.com\/","name":"Minuto Not\u00edcia","description":"Imforma\u00e7\u00e3o atual e de qualidade.","publisher":{"@id":"https:\/\/minutonoticia.com\/#organization"},"potentialAction":[{"@type":"SearchAction","target":{"@type":"EntryPoint","urlTemplate":"https:\/\/minutonoticia.com\/?s={search_term_string}"},"query-input":{"@type":"PropertyValueSpecification","valueRequired":true,"valueName":"search_term_string"}}],"inLanguage":"es"},{"@type":"Organization","@id":"https:\/\/minutonoticia.com\/#organization","name":"Minuto Not\u00edcia","url":"https:\/\/minutonoticia.com\/","logo":{"@type":"ImageObject","inLanguage":"es","@id":"https:\/\/minutonoticia.com\/#\/schema\/logo\/image\/","url":"https:\/\/minutonoticia.com\/wp-content\/uploads\/2024\/10\/logo-mn-blue.png","contentUrl":"https:\/\/minutonoticia.com\/wp-content\/uploads\/2024\/10\/logo-mn-blue.png","width":174,"height":90,"caption":"Minuto Not\u00edcia"},"image":{"@id":"https:\/\/minutonoticia.com\/#\/schema\/logo\/image\/"}}]}},"_links":{"self":[{"href":"https:\/\/minutonoticia.com\/es\/wp-json\/wp\/v2\/pages\/34","targetHints":{"allow":["GET"]}}],"collection":[{"href":"https:\/\/minutonoticia.com\/es\/wp-json\/wp\/v2\/pages"}],"about":[{"href":"https:\/\/minutonoticia.com\/es\/wp-json\/wp\/v2\/types\/page"}],"author":[{"embeddable":true,"href":"https:\/\/minutonoticia.com\/es\/wp-json\/wp\/v2\/users\/1"}],"replies":[{"embeddable":true,"href":"https:\/\/minutonoticia.com\/es\/wp-json\/wp\/v2\/comments?post=34"}],"version-history":[{"count":6,"href":"https:\/\/minutonoticia.com\/es\/wp-json\/wp\/v2\/pages\/34\/revisions"}],"predecessor-version":[{"id":32476,"href":"https:\/\/minutonoticia.com\/es\/wp-json\/wp\/v2\/pages\/34\/revisions\/32476"}],"wp:featuredmedia":[{"embeddable":true,"href":"https:\/\/minutonoticia.com\/es\/wp-json\/"}],"wp:attachment":[{"href":"https:\/\/minutonoticia.com\/es\/wp-json\/wp\/v2\/media?parent=34"}],"curies":[{"name":"wp","href":"https:\/\/api.w.org\/{rel}","templated":true}]}}