{"id":40,"date":"2019-10-20T17:15:12","date_gmt":"2019-10-20T17:15:12","guid":{"rendered":"http:\/\/thedayworld.com\/?page_id=40"},"modified":"2024-10-17T17:16:54","modified_gmt":"2024-10-17T20:16:54","slug":"contato","status":"publish","type":"page","link":"https:\/\/minutonoticia.com\/es\/contato\/","title":{"rendered":"Contacto"},"content":{"rendered":"<p>As informa\u00e7\u00f5es presentes no site Minuto Not\u00edcia t\u00eam car\u00e1ter exclusivamente informativo.<\/p>\n\n\n\n<p>Nosso site n\u00e3o se responsabiliza por erros ou omiss\u00f5es no conte\u00fado do Servi\u00e7o.<\/p>\n\n\n\n<p>Sob nenhuma circunst\u00e2ncia, o site ser\u00e1 respons\u00e1vel por danos especiais, diretos, indiretos, consequenciais ou incidentais, nem por qualquer tipo de dano, seja por a\u00e7\u00e3o contratual, neglig\u00eancia ou outro tipo de infra\u00e7\u00e3o, decorrentes ou relacionados ao uso do Servi\u00e7o ou ao conte\u00fado disponibilizado. Reservamo-nos o direito de adicionar, remover ou alterar o conte\u00fado do Servi\u00e7o a qualquer momento, sem aviso pr\u00e9vio.<\/p>\n\n\n\n<h3 class=\"wp-block-heading\">HABLE CON NOSOTROS<\/h3>\n\n\n\n<p><br>Para perguntas, parcerias ou qualquer outra solicita\u00e7\u00e3o, entre em contato conosco utilizando o formul\u00e1rio abaixo:<\/p>\n\n\n<div class=\"gb-container gb-container-c9173fa2\">\n\n<div class=\"wp-block-columns is-layout-flex wp-container-core-columns-is-layout-1 wp-block-columns-is-layout-flex\">\n<div class=\"wp-block-column is-layout-flow wp-block-column-is-layout-flow\">\n<div class=\"form-field\">\n      <label for=\"name\">Nome<\/label>\n      <input type=\"text\" id=\"name\" name=\"name\" required>\n    <\/div>\n<\/div>\n\n\n\n<div class=\"wp-block-column is-layout-flow wp-block-column-is-layout-flow\">\n<div class=\"form-field\">\n      <label for=\"email\">E-mail<\/label>\n      <input type=\"email\" id=\"email\" name=\"email\" required>\n    <\/div>\n<\/div>\n<\/div>\n\n\n<div class=\"gb-container gb-container-243f95d5\">\n\n<div class=\"form-field\" style=\"flex-basis: 100%;\">\n      <label for=\"message\">Mensagem<\/label>\n      <textarea id=\"message\" name=\"message\" required><\/textarea>\n    <\/div>\n\n<\/div>\n\n<div class=\"gb-container gb-container-a7c4c925\">\n\n<div class=\"loaderzz\" style=\"display:none;\"><\/div>\n\n\n\n<div class=\"msg_send\" style=\"display:none;\"><strong>Mensagem Enviada!<br>Em breve entraremos em contato!<\/strong><\/div>\n\n\n\n<button class=\"gb-button gb-button-e30f9d78 gb-button-text botao_send\">Enviar<\/button>\n\n<\/div>\n<\/div>\n\n\n<script>\n  var botao_send = document.querySelector('.botao_send'), loaderzz = document.querySelector('.loaderzz'), msg_send = document.querySelector('.msg_send');\n  botao_send.onclick = function(e) {\n\n    var emailField = document.getElementById('email');\n    var messageField = document.getElementById('message');\n    if (!emailField.checkValidity()){\n        alert('preencha o email corretamente');\n        emailField.focus();\n        return;\n    }\n    if (!messageField.checkValidity()){\n        alert('preencha o campo de mensagem');\n        messageField.focus();\n        return;  \n    }\n\n    botao_send.style.display = 'none';\n    loaderzz.style.display = 'block';\n\n    setTimeout(function() {\n      loaderzz.style.display = 'none';\n      msg_send.style.display = 'block';\n    }, 2000);\n  };\n<\/script>\n<style>\n  @media (max-width: 768px) {\n    .form-container { flex-direction: column; }\n  }\n\n  .form-container { display: flex; justify-content: space-between;   }\n  .form-field { margin: 10px; flex-basis: calc(50% - 20px); }\n\n  input, textarea, button {\n    width: 100%;\n    padding: 10px;\n    margin-top: 5px;\n    box-sizing: border-box;\n  }\n\n  .loaderzz {\n    border: 4px solid #f3f3f3;\n    border-radius: 50%;\n    border-top: 4px solid #3498db;\n    width: 30px;\n    height: 30px;\n    -webkit-animation: spin 2s linear infinite; \/* Safari *\/\n    animation: spin 1s linear infinite;\n    margin: 0 auto;\n  }\n\n  @-webkit-keyframes spin {\n    0% { -webkit-transform: rotate(0deg); }\n    100% { -webkit-transform: rotate(360deg); }\n  }\n\n  @keyframes spin {\n    0% { transform: rotate(0deg); }\n    100% { transform: rotate(360deg); }\n  }\n<\/style>","protected":false},"excerpt":{"rendered":"","protected":false},"author":1,"featured_media":0,"parent":0,"menu_order":0,"comment_status":"closed","ping_status":"closed","template":"","meta":{"footnotes":""},"class_list":{"0":"post-40","1":"page","2":"type-page","3":"status-publish","5":"infinite-scroll-item"},"yoast_head":"<!-- This site is optimized with the Yoast SEO plugin v26.7 - https:\/\/yoast.com\/wordpress\/plugins\/seo\/ -->\n<title>Contato - Minuto Not\u00edcia<\/title>\n<meta name=\"robots\" content=\"noindex, nofollow\" \/>\n<meta property=\"og:locale\" content=\"es_ES\" \/>\n<meta property=\"og:type\" content=\"article\" \/>\n<meta property=\"og:title\" content=\"Contato - Minuto Not\u00edcia\" \/>\n<meta property=\"og:url\" content=\"https:\/\/minutonoticia.com\/es\/contato\/\" \/>\n<meta property=\"og:site_name\" content=\"Minuto Not\u00edcia\" \/>\n<meta property=\"article:modified_time\" content=\"2024-10-17T20:16:54+00:00\" \/>\n<meta name=\"twitter:card\" content=\"summary_large_image\" \/>\n<meta name=\"twitter:label1\" content=\"Tiempo de lectura\" \/>\n\t<meta name=\"twitter:data1\" content=\"1 minuto\" \/>\n<script type=\"application\/ld+json\" class=\"yoast-schema-graph\">{\"@context\":\"https:\/\/schema.org\",\"@graph\":[{\"@type\":\"WebPage\",\"@id\":\"https:\/\/minutonoticia.com\/contato\/\",\"url\":\"https:\/\/minutonoticia.com\/contato\/\",\"name\":\"Contato - Minuto Not\u00edcia\",\"isPartOf\":{\"@id\":\"https:\/\/minutonoticia.com\/#website\"},\"datePublished\":\"2019-10-20T17:15:12+00:00\",\"dateModified\":\"2024-10-17T20:16:54+00:00\",\"breadcrumb\":{\"@id\":\"https:\/\/minutonoticia.com\/contato\/#breadcrumb\"},\"inLanguage\":\"es\",\"potentialAction\":[{\"@type\":\"ReadAction\",\"target\":[\"https:\/\/minutonoticia.com\/contato\/\"]}]},{\"@type\":\"BreadcrumbList\",\"@id\":\"https:\/\/minutonoticia.com\/contato\/#breadcrumb\",\"itemListElement\":[{\"@type\":\"ListItem\",\"position\":1,\"name\":\"In\u00edcio\",\"item\":\"https:\/\/minutonoticia.com\/\"},{\"@type\":\"ListItem\",\"position\":2,\"name\":\"Contato\"}]},{\"@type\":\"WebSite\",\"@id\":\"https:\/\/minutonoticia.com\/#website\",\"url\":\"https:\/\/minutonoticia.com\/\",\"name\":\"Minuto Not\u00edcia\",\"description\":\"Imforma\u00e7\u00e3o atual e de qualidade.\",\"publisher\":{\"@id\":\"https:\/\/minutonoticia.com\/#organization\"},\"potentialAction\":[{\"@type\":\"SearchAction\",\"target\":{\"@type\":\"EntryPoint\",\"urlTemplate\":\"https:\/\/minutonoticia.com\/?s={search_term_string}\"},\"query-input\":{\"@type\":\"PropertyValueSpecification\",\"valueRequired\":true,\"valueName\":\"search_term_string\"}}],\"inLanguage\":\"es\"},{\"@type\":\"Organization\",\"@id\":\"https:\/\/minutonoticia.com\/#organization\",\"name\":\"Minuto Not\u00edcia\",\"url\":\"https:\/\/minutonoticia.com\/\",\"logo\":{\"@type\":\"ImageObject\",\"inLanguage\":\"es\",\"@id\":\"https:\/\/minutonoticia.com\/#\/schema\/logo\/image\/\",\"url\":\"https:\/\/minutonoticia.com\/wp-content\/uploads\/2024\/10\/logo-mn-blue.png\",\"contentUrl\":\"https:\/\/minutonoticia.com\/wp-content\/uploads\/2024\/10\/logo-mn-blue.png\",\"width\":174,\"height\":90,\"caption\":\"Minuto Not\u00edcia\"},\"image\":{\"@id\":\"https:\/\/minutonoticia.com\/#\/schema\/logo\/image\/\"}}]}<\/script>\n<!-- \/ Yoast SEO plugin. -->","yoast_head_json":{"title":"Contato - Minuto Not\u00edcia","robots":{"index":"noindex","follow":"nofollow"},"og_locale":"es_ES","og_type":"article","og_title":"Contato - Minuto Not\u00edcia","og_url":"https:\/\/minutonoticia.com\/es\/contato\/","og_site_name":"Minuto Not\u00edcia","article_modified_time":"2024-10-17T20:16:54+00:00","twitter_card":"summary_large_image","twitter_misc":{"Tiempo de lectura":"1 minuto"},"schema":{"@context":"https:\/\/schema.org","@graph":[{"@type":"WebPage","@id":"https:\/\/minutonoticia.com\/contato\/","url":"https:\/\/minutonoticia.com\/contato\/","name":"Contato - Minuto Not\u00edcia","isPartOf":{"@id":"https:\/\/minutonoticia.com\/#website"},"datePublished":"2019-10-20T17:15:12+00:00","dateModified":"2024-10-17T20:16:54+00:00","breadcrumb":{"@id":"https:\/\/minutonoticia.com\/contato\/#breadcrumb"},"inLanguage":"es","potentialAction":[{"@type":"ReadAction","target":["https:\/\/minutonoticia.com\/contato\/"]}]},{"@type":"BreadcrumbList","@id":"https:\/\/minutonoticia.com\/contato\/#breadcrumb","itemListElement":[{"@type":"ListItem","position":1,"name":"In\u00edcio","item":"https:\/\/minutonoticia.com\/"},{"@type":"ListItem","position":2,"name":"Contato"}]},{"@type":"WebSite","@id":"https:\/\/minutonoticia.com\/#website","url":"https:\/\/minutonoticia.com\/","name":"Minuto Not\u00edcia","description":"Imforma\u00e7\u00e3o atual e de qualidade.","publisher":{"@id":"https:\/\/minutonoticia.com\/#organization"},"potentialAction":[{"@type":"SearchAction","target":{"@type":"EntryPoint","urlTemplate":"https:\/\/minutonoticia.com\/?s={search_term_string}"},"query-input":{"@type":"PropertyValueSpecification","valueRequired":true,"valueName":"search_term_string"}}],"inLanguage":"es"},{"@type":"Organization","@id":"https:\/\/minutonoticia.com\/#organization","name":"Minuto Not\u00edcia","url":"https:\/\/minutonoticia.com\/","logo":{"@type":"ImageObject","inLanguage":"es","@id":"https:\/\/minutonoticia.com\/#\/schema\/logo\/image\/","url":"https:\/\/minutonoticia.com\/wp-content\/uploads\/2024\/10\/logo-mn-blue.png","contentUrl":"https:\/\/minutonoticia.com\/wp-content\/uploads\/2024\/10\/logo-mn-blue.png","width":174,"height":90,"caption":"Minuto Not\u00edcia"},"image":{"@id":"https:\/\/minutonoticia.com\/#\/schema\/logo\/image\/"}}]}},"_links":{"self":[{"href":"https:\/\/minutonoticia.com\/es\/wp-json\/wp\/v2\/pages\/40","targetHints":{"allow":["GET"]}}],"collection":[{"href":"https:\/\/minutonoticia.com\/es\/wp-json\/wp\/v2\/pages"}],"about":[{"href":"https:\/\/minutonoticia.com\/es\/wp-json\/wp\/v2\/types\/page"}],"author":[{"embeddable":true,"href":"https:\/\/minutonoticia.com\/es\/wp-json\/wp\/v2\/users\/1"}],"replies":[{"embeddable":true,"href":"https:\/\/minutonoticia.com\/es\/wp-json\/wp\/v2\/comments?post=40"}],"version-history":[{"count":7,"href":"https:\/\/minutonoticia.com\/es\/wp-json\/wp\/v2\/pages\/40\/revisions"}],"predecessor-version":[{"id":32474,"href":"https:\/\/minutonoticia.com\/es\/wp-json\/wp\/v2\/pages\/40\/revisions\/32474"}],"wp:attachment":[{"href":"https:\/\/minutonoticia.com\/es\/wp-json\/wp\/v2\/media?parent=40"}],"curies":[{"name":"wp","href":"https:\/\/api.w.org\/{rel}","templated":true}]}}