{"id":32337,"date":"2024-10-02T00:40:09","date_gmt":"2024-10-02T03:40:09","guid":{"rendered":"https:\/\/atualidades.club\/?page_id=32337"},"modified":"2024-10-17T17:21:28","modified_gmt":"2024-10-17T20:21:28","slug":"sobre","status":"publish","type":"page","link":"https:\/\/minutonoticia.com\/ja\/sobre\/","title":{"rendered":"Sobre n\u00f3s"},"content":{"rendered":"<h2 class=\"wp-block-heading\">Bem-vindo ao Minuto Not\u00edcia!<\/h2>\n\n\n\n<p>Mergulhe no universo digital com o Minuto Not\u00edcia, seu guia completo para o mundo da tecnologia!<\/p>\n\n\n\n<p>Aqui, voc\u00ea encontrar\u00e1 muito mais do que simples an\u00e1lises de sites, apps, softwares e jogos. Nosso compromisso \u00e9 proporcionar uma experi\u00eancia completa, com tutoriais detalhados, dicas pr\u00e1ticas e insights exclusivos para que voc\u00ea possa dominar as ferramentas digitais e aproveitar ao m\u00e1ximo cada recurso.<\/p>\n\n\n\n<p>Nossa equipe est\u00e1 sempre atenta \u00e0s \u00faltimas tend\u00eancias e novidades do mercado, trazendo as informa\u00e7\u00f5es mais relevantes e traduzindo-as em uma linguagem clara e acess\u00edvel. Seja voc\u00ea um iniciante ou um expert em tecnologia, no Minuto Not\u00edcia encontrar\u00e1 o conte\u00fado ideal para aprimorar suas habilidades e impulsionar sua vida digital.<\/p>\n\n\n\n<p>Acreditamos no poder da tecnologia para simplificar o dia a dia e criar novas oportunidades. Por isso, oferecemos um conte\u00fado rico e gratuito, abrangendo desde os conceitos mais b\u00e1sicos at\u00e9 as funcionalidades mais avan\u00e7adas, sempre com foco nas necessidades dos nossos leitores.<\/p>\n\n\n\n<p>Explore nosso site, descubra novos recursos, desenvolva suas habilidades e mantenha-se atualizado com as \u00faltimas tend\u00eancias. No Minuto Not\u00edcia, a tecnologia se torna mais acess\u00edvel, simples e ao alcance de todos.<\/p>\n\n\n\n<p>Junte-se \u00e0 nossa comunidade e embarque nesta jornada de descobertas!<\/p>\n\n\n\n<p><strong>Equipe Minuto Not\u00edcia<\/strong><\/p>","protected":false},"excerpt":{"rendered":"","protected":false},"author":1,"featured_media":0,"parent":0,"menu_order":0,"comment_status":"closed","ping_status":"closed","template":"","meta":{"footnotes":""},"class_list":{"0":"post-32337","1":"page","2":"type-page","3":"status-publish","5":"infinite-scroll-item"},"yoast_head":"<!-- This site is optimized with the Yoast SEO plugin v26.7 - https:\/\/yoast.com\/wordpress\/plugins\/seo\/ -->\n<title>Sobre n\u00f3s - Minuto Not\u00edcia<\/title>\n<meta name=\"robots\" content=\"noindex, nofollow\" \/>\n<meta property=\"og:locale\" content=\"ja_JP\" \/>\n<meta property=\"og:type\" content=\"article\" \/>\n<meta property=\"og:title\" content=\"Sobre n\u00f3s - Minuto Not\u00edcia\" \/>\n<meta property=\"og:url\" content=\"https:\/\/minutonoticia.com\/ja\/sobre\/\" \/>\n<meta property=\"og:site_name\" content=\"Minuto Not\u00edcia\" \/>\n<meta property=\"article:modified_time\" content=\"2024-10-17T20:21:28+00:00\" \/>\n<meta name=\"twitter:card\" content=\"summary_large_image\" \/>\n<meta name=\"twitter:label1\" content=\"\u63a8\u5b9a\u8aad\u307f\u53d6\u308a\u6642\u9593\" \/>\n\t<meta name=\"twitter:data1\" content=\"2\u5206\" \/>\n<script type=\"application\/ld+json\" class=\"yoast-schema-graph\">{\"@context\":\"https:\/\/schema.org\",\"@graph\":[{\"@type\":\"WebPage\",\"@id\":\"https:\/\/minutonoticia.com\/sobre\/\",\"url\":\"https:\/\/minutonoticia.com\/sobre\/\",\"name\":\"Sobre n\u00f3s - Minuto Not\u00edcia\",\"isPartOf\":{\"@id\":\"https:\/\/minutonoticia.com\/#website\"},\"datePublished\":\"2024-10-02T03:40:09+00:00\",\"dateModified\":\"2024-10-17T20:21:28+00:00\",\"breadcrumb\":{\"@id\":\"https:\/\/minutonoticia.com\/sobre\/#breadcrumb\"},\"inLanguage\":\"ja\",\"potentialAction\":[{\"@type\":\"ReadAction\",\"target\":[\"https:\/\/minutonoticia.com\/sobre\/\"]}]},{\"@type\":\"BreadcrumbList\",\"@id\":\"https:\/\/minutonoticia.com\/sobre\/#breadcrumb\",\"itemListElement\":[{\"@type\":\"ListItem\",\"position\":1,\"name\":\"In\u00edcio\",\"item\":\"https:\/\/minutonoticia.com\/\"},{\"@type\":\"ListItem\",\"position\":2,\"name\":\"Sobre n\u00f3s\"}]},{\"@type\":\"WebSite\",\"@id\":\"https:\/\/minutonoticia.com\/#website\",\"url\":\"https:\/\/minutonoticia.com\/\",\"name\":\"Minuto Not\u00edcia\",\"description\":\"Imforma\u00e7\u00e3o atual e de qualidade.\",\"publisher\":{\"@id\":\"https:\/\/minutonoticia.com\/#organization\"},\"potentialAction\":[{\"@type\":\"SearchAction\",\"target\":{\"@type\":\"EntryPoint\",\"urlTemplate\":\"https:\/\/minutonoticia.com\/?s={search_term_string}\"},\"query-input\":{\"@type\":\"PropertyValueSpecification\",\"valueRequired\":true,\"valueName\":\"search_term_string\"}}],\"inLanguage\":\"ja\"},{\"@type\":\"Organization\",\"@id\":\"https:\/\/minutonoticia.com\/#organization\",\"name\":\"Minuto Not\u00edcia\",\"url\":\"https:\/\/minutonoticia.com\/\",\"logo\":{\"@type\":\"ImageObject\",\"inLanguage\":\"ja\",\"@id\":\"https:\/\/minutonoticia.com\/#\/schema\/logo\/image\/\",\"url\":\"https:\/\/minutonoticia.com\/wp-content\/uploads\/2024\/10\/logo-mn-blue.png\",\"contentUrl\":\"https:\/\/minutonoticia.com\/wp-content\/uploads\/2024\/10\/logo-mn-blue.png\",\"width\":174,\"height\":90,\"caption\":\"Minuto Not\u00edcia\"},\"image\":{\"@id\":\"https:\/\/minutonoticia.com\/#\/schema\/logo\/image\/\"}}]}<\/script>\n<!-- \/ Yoast SEO plugin. -->","yoast_head_json":{"title":"Sobre n\u00f3s - Minuto Not\u00edcia","robots":{"index":"noindex","follow":"nofollow"},"og_locale":"ja_JP","og_type":"article","og_title":"Sobre n\u00f3s - Minuto Not\u00edcia","og_url":"https:\/\/minutonoticia.com\/ja\/sobre\/","og_site_name":"Minuto Not\u00edcia","article_modified_time":"2024-10-17T20:21:28+00:00","twitter_card":"summary_large_image","twitter_misc":{"\u63a8\u5b9a\u8aad\u307f\u53d6\u308a\u6642\u9593":"2\u5206"},"schema":{"@context":"https:\/\/schema.org","@graph":[{"@type":"WebPage","@id":"https:\/\/minutonoticia.com\/sobre\/","url":"https:\/\/minutonoticia.com\/sobre\/","name":"Sobre n\u00f3s - Minuto Not\u00edcia","isPartOf":{"@id":"https:\/\/minutonoticia.com\/#website"},"datePublished":"2024-10-02T03:40:09+00:00","dateModified":"2024-10-17T20:21:28+00:00","breadcrumb":{"@id":"https:\/\/minutonoticia.com\/sobre\/#breadcrumb"},"inLanguage":"ja","potentialAction":[{"@type":"ReadAction","target":["https:\/\/minutonoticia.com\/sobre\/"]}]},{"@type":"BreadcrumbList","@id":"https:\/\/minutonoticia.com\/sobre\/#breadcrumb","itemListElement":[{"@type":"ListItem","position":1,"name":"In\u00edcio","item":"https:\/\/minutonoticia.com\/"},{"@type":"ListItem","position":2,"name":"Sobre n\u00f3s"}]},{"@type":"WebSite","@id":"https:\/\/minutonoticia.com\/#website","url":"https:\/\/minutonoticia.com\/","name":"Minuto Not\u00edcia","description":"Imforma\u00e7\u00e3o atual e de qualidade.","publisher":{"@id":"https:\/\/minutonoticia.com\/#organization"},"potentialAction":[{"@type":"SearchAction","target":{"@type":"EntryPoint","urlTemplate":"https:\/\/minutonoticia.com\/?s={search_term_string}"},"query-input":{"@type":"PropertyValueSpecification","valueRequired":true,"valueName":"search_term_string"}}],"inLanguage":"ja"},{"@type":"Organization","@id":"https:\/\/minutonoticia.com\/#organization","name":"Minuto Not\u00edcia","url":"https:\/\/minutonoticia.com\/","logo":{"@type":"ImageObject","inLanguage":"ja","@id":"https:\/\/minutonoticia.com\/#\/schema\/logo\/image\/","url":"https:\/\/minutonoticia.com\/wp-content\/uploads\/2024\/10\/logo-mn-blue.png","contentUrl":"https:\/\/minutonoticia.com\/wp-content\/uploads\/2024\/10\/logo-mn-blue.png","width":174,"height":90,"caption":"Minuto Not\u00edcia"},"image":{"@id":"https:\/\/minutonoticia.com\/#\/schema\/logo\/image\/"}}]}},"_links":{"self":[{"href":"https:\/\/minutonoticia.com\/ja\/wp-json\/wp\/v2\/pages\/32337","targetHints":{"allow":["GET"]}}],"collection":[{"href":"https:\/\/minutonoticia.com\/ja\/wp-json\/wp\/v2\/pages"}],"about":[{"href":"https:\/\/minutonoticia.com\/ja\/wp-json\/wp\/v2\/types\/page"}],"author":[{"embeddable":true,"href":"https:\/\/minutonoticia.com\/ja\/wp-json\/wp\/v2\/users\/1"}],"replies":[{"embeddable":true,"href":"https:\/\/minutonoticia.com\/ja\/wp-json\/wp\/v2\/comments?post=32337"}],"version-history":[{"count":4,"href":"https:\/\/minutonoticia.com\/ja\/wp-json\/wp\/v2\/pages\/32337\/revisions"}],"predecessor-version":[{"id":32479,"href":"https:\/\/minutonoticia.com\/ja\/wp-json\/wp\/v2\/pages\/32337\/revisions\/32479"}],"wp:attachment":[{"href":"https:\/\/minutonoticia.com\/ja\/wp-json\/wp\/v2\/media?parent=32337"}],"curies":[{"name":"wp","href":"https:\/\/api.w.org\/{rel}","templated":true}]}}