{"id":32672,"date":"2025-01-18T00:02:31","date_gmt":"2025-01-18T03:02:31","guid":{"rendered":"https:\/\/minutonoticia.com\/?page_id=32672"},"modified":"2025-01-18T00:02:50","modified_gmt":"2025-01-18T03:02:50","slug":"redirect","status":"publish","type":"page","link":"https:\/\/minutonoticia.com\/ja\/redirect\/","title":{"rendered":"Voc\u00ea ser\u00e1 redirecionado"},"content":{"rendered":"<p class=\"has-text-align-left\"><div class=\"redirect-text\" style=\"text-align:center;\"><p>Voc\u00ea ser\u00e1 redirecionado para a p\u00e1gina do aplicativo em <span id=\"redir-seconds\">5<\/span> segundos.<\/p><p>Se n\u00e3o for redirecionado automaticamente, <a href=\"\">clique aqui<\/a>.<\/p><\/div><script type=\"text\/javascript\">\r\n                   let timeLeft = 5;\r\n                   const redirectUrl = \"\";\r\n                   const timerElement = document.getElementById(\"redir-seconds\");\r\n                   if (!redirectUrl) {\r\n                        window.location.href = \"https:\/\/minutonoticia.com\/ja\";\r\n                   }\r\n\r\n                   const countdown = setInterval(() => {\r\n                       if (timeLeft > 1) {\r\n                           timeLeft--;\r\n                           timerElement.textContent = timeLeft;\r\n                       } else {\r\n                           clearInterval(countdown);\r\n                           window.location.href = redirectUrl;\r\n                       }\r\n                   }, 1000);\r\n               <\/script><\/p>\n\n\n\n<div style=\"height:100px\" aria-hidden=\"true\" class=\"wp-block-spacer\"><\/div>\n\n\n<div class=\"gb-container gb-container-5f40bd71\"><div class=\"gb-inside-container\">\n\n<h3 class=\"wp-block-heading\">Conte\u00fado Recomendado<\/h3>\n\n\n\n<div class=\"gb-grid-wrapper gb-grid-wrapper-3bdced3c gb-query-loop-wrapper\">\n<div class=\"gb-grid-column gb-grid-column-be222a90 gb-query-loop-item post-21889 post type-post status-publish format-standard hentry category-apps\"><div class=\"gb-container gb-container-be222a90\"><div class=\"gb-inside-container\">\n\n\n<h2 class=\"gb-headline gb-headline-97068106 gb-headline-text\"><a href=\"https:\/\/minutonoticia.com\/ja\/saiba-como-limpar-memoria-do-celular-e-liberar-espaco\/\">\u643a\u5e2f\u96fb\u8a71\u306e\u30e1\u30e2\u30ea\u3092\u30af\u30ea\u30a2\u3057\u3066\u7a7a\u304d\u5bb9\u91cf\u3092\u5897\u3084\u3059\u65b9\u6cd5\u3092\u5b66\u3073\u307e\u3057\u3087\u3046<\/a><\/h2>\n<\/div><\/div><\/div>\n\n<div class=\"gb-grid-column gb-grid-column-be222a90 gb-query-loop-item post-21874 post type-post status-publish format-standard hentry category-apps\"><div class=\"gb-container gb-container-be222a90\"><div class=\"gb-inside-container\">\n\n\n<h2 class=\"gb-headline gb-headline-97068106 gb-headline-text\"><a href=\"https:\/\/minutonoticia.com\/ja\/saiba-como-restaurar-fotos-perdidas-no-celular\/\">\u643a\u5e2f\u96fb\u8a71\u3067\u5931\u308f\u308c\u305f\u5199\u771f\u3092\u5fa9\u5143\u3059\u308b\u65b9\u6cd5\u3092\u5b66\u3073\u307e\u3057\u3087\u3046<\/a><\/h2>\n<\/div><\/div><\/div>\n\n<div class=\"gb-grid-column gb-grid-column-be222a90 gb-query-loop-item post-32600 post type-post status-publish format-standard hentry category-apps\"><div class=\"gb-container gb-container-be222a90\"><div class=\"gb-inside-container\">\n\n\n<h2 class=\"gb-headline gb-headline-97068106 gb-headline-text\"><a href=\"https:\/\/minutonoticia.com\/ja\/saiba-como-restaurar-fotos-perdidas-no-computador\/\">\u30b3\u30f3\u30d4\u30e5\u30fc\u30bf\u4e0a\u3067\u5931\u308f\u308c\u305f\u5199\u771f\u3092\u5fa9\u5143\u3059\u308b\u65b9\u6cd5\u3092\u5b66\u3076<\/a><\/h2>\n<\/div><\/div><\/div>\n<\/div>\n\n<\/div><\/div>","protected":false},"excerpt":{"rendered":"","protected":false},"author":1,"featured_media":0,"parent":0,"menu_order":0,"comment_status":"closed","ping_status":"closed","template":"","meta":{"footnotes":""},"class_list":{"0":"post-32672","1":"page","2":"type-page","3":"status-publish","5":"infinite-scroll-item"},"yoast_head":"<!-- This site is optimized with the Yoast SEO plugin v26.7 - https:\/\/yoast.com\/wordpress\/plugins\/seo\/ -->\n<title>Voc\u00ea ser\u00e1 redirecionado - Minuto Not\u00edcia<\/title>\n<meta name=\"robots\" content=\"noindex, nofollow\" \/>\n<meta property=\"og:locale\" content=\"ja_JP\" \/>\n<meta property=\"og:type\" content=\"article\" \/>\n<meta property=\"og:title\" content=\"Voc\u00ea ser\u00e1 redirecionado - Minuto Not\u00edcia\" \/>\n<meta property=\"og:url\" content=\"https:\/\/minutonoticia.com\/ja\/redirect\/\" \/>\n<meta property=\"og:site_name\" content=\"Minuto Not\u00edcia\" \/>\n<meta property=\"article:modified_time\" content=\"2025-01-18T03:02:50+00:00\" \/>\n<meta name=\"twitter:card\" content=\"summary_large_image\" \/>\n<meta name=\"twitter:label1\" content=\"\u63a8\u5b9a\u8aad\u307f\u53d6\u308a\u6642\u9593\" \/>\n\t<meta name=\"twitter:data1\" content=\"1\u5206\" \/>\n<script type=\"application\/ld+json\" class=\"yoast-schema-graph\">{\"@context\":\"https:\/\/schema.org\",\"@graph\":[{\"@type\":\"WebPage\",\"@id\":\"https:\/\/minutonoticia.com\/redirect\/\",\"url\":\"https:\/\/minutonoticia.com\/redirect\/\",\"name\":\"Voc\u00ea ser\u00e1 redirecionado - Minuto Not\u00edcia\",\"isPartOf\":{\"@id\":\"https:\/\/minutonoticia.com\/#website\"},\"datePublished\":\"2025-01-18T03:02:31+00:00\",\"dateModified\":\"2025-01-18T03:02:50+00:00\",\"breadcrumb\":{\"@id\":\"https:\/\/minutonoticia.com\/redirect\/#breadcrumb\"},\"inLanguage\":\"ja\",\"potentialAction\":[{\"@type\":\"ReadAction\",\"target\":[\"https:\/\/minutonoticia.com\/redirect\/\"]}]},{\"@type\":\"BreadcrumbList\",\"@id\":\"https:\/\/minutonoticia.com\/redirect\/#breadcrumb\",\"itemListElement\":[{\"@type\":\"ListItem\",\"position\":1,\"name\":\"In\u00edcio\",\"item\":\"https:\/\/minutonoticia.com\/\"},{\"@type\":\"ListItem\",\"position\":2,\"name\":\"Voc\u00ea ser\u00e1 redirecionado\"}]},{\"@type\":\"WebSite\",\"@id\":\"https:\/\/minutonoticia.com\/#website\",\"url\":\"https:\/\/minutonoticia.com\/\",\"name\":\"Minuto Not\u00edcia\",\"description\":\"Imforma\u00e7\u00e3o atual e de qualidade.\",\"publisher\":{\"@id\":\"https:\/\/minutonoticia.com\/#organization\"},\"potentialAction\":[{\"@type\":\"SearchAction\",\"target\":{\"@type\":\"EntryPoint\",\"urlTemplate\":\"https:\/\/minutonoticia.com\/?s={search_term_string}\"},\"query-input\":{\"@type\":\"PropertyValueSpecification\",\"valueRequired\":true,\"valueName\":\"search_term_string\"}}],\"inLanguage\":\"ja\"},{\"@type\":\"Organization\",\"@id\":\"https:\/\/minutonoticia.com\/#organization\",\"name\":\"Minuto Not\u00edcia\",\"url\":\"https:\/\/minutonoticia.com\/\",\"logo\":{\"@type\":\"ImageObject\",\"inLanguage\":\"ja\",\"@id\":\"https:\/\/minutonoticia.com\/#\/schema\/logo\/image\/\",\"url\":\"https:\/\/minutonoticia.com\/wp-content\/uploads\/2024\/10\/logo-mn-blue.png\",\"contentUrl\":\"https:\/\/minutonoticia.com\/wp-content\/uploads\/2024\/10\/logo-mn-blue.png\",\"width\":174,\"height\":90,\"caption\":\"Minuto Not\u00edcia\"},\"image\":{\"@id\":\"https:\/\/minutonoticia.com\/#\/schema\/logo\/image\/\"}}]}<\/script>\n<!-- \/ Yoast SEO plugin. -->","yoast_head_json":{"title":"Voc\u00ea ser\u00e1 redirecionado - Minuto Not\u00edcia","robots":{"index":"noindex","follow":"nofollow"},"og_locale":"ja_JP","og_type":"article","og_title":"Voc\u00ea ser\u00e1 redirecionado - Minuto Not\u00edcia","og_url":"https:\/\/minutonoticia.com\/ja\/redirect\/","og_site_name":"Minuto Not\u00edcia","article_modified_time":"2025-01-18T03:02:50+00:00","twitter_card":"summary_large_image","twitter_misc":{"\u63a8\u5b9a\u8aad\u307f\u53d6\u308a\u6642\u9593":"1\u5206"},"schema":{"@context":"https:\/\/schema.org","@graph":[{"@type":"WebPage","@id":"https:\/\/minutonoticia.com\/redirect\/","url":"https:\/\/minutonoticia.com\/redirect\/","name":"Voc\u00ea ser\u00e1 redirecionado - Minuto Not\u00edcia","isPartOf":{"@id":"https:\/\/minutonoticia.com\/#website"},"datePublished":"2025-01-18T03:02:31+00:00","dateModified":"2025-01-18T03:02:50+00:00","breadcrumb":{"@id":"https:\/\/minutonoticia.com\/redirect\/#breadcrumb"},"inLanguage":"ja","potentialAction":[{"@type":"ReadAction","target":["https:\/\/minutonoticia.com\/redirect\/"]}]},{"@type":"BreadcrumbList","@id":"https:\/\/minutonoticia.com\/redirect\/#breadcrumb","itemListElement":[{"@type":"ListItem","position":1,"name":"In\u00edcio","item":"https:\/\/minutonoticia.com\/"},{"@type":"ListItem","position":2,"name":"Voc\u00ea ser\u00e1 redirecionado"}]},{"@type":"WebSite","@id":"https:\/\/minutonoticia.com\/#website","url":"https:\/\/minutonoticia.com\/","name":"Minuto Not\u00edcia","description":"Imforma\u00e7\u00e3o atual e de qualidade.","publisher":{"@id":"https:\/\/minutonoticia.com\/#organization"},"potentialAction":[{"@type":"SearchAction","target":{"@type":"EntryPoint","urlTemplate":"https:\/\/minutonoticia.com\/?s={search_term_string}"},"query-input":{"@type":"PropertyValueSpecification","valueRequired":true,"valueName":"search_term_string"}}],"inLanguage":"ja"},{"@type":"Organization","@id":"https:\/\/minutonoticia.com\/#organization","name":"Minuto Not\u00edcia","url":"https:\/\/minutonoticia.com\/","logo":{"@type":"ImageObject","inLanguage":"ja","@id":"https:\/\/minutonoticia.com\/#\/schema\/logo\/image\/","url":"https:\/\/minutonoticia.com\/wp-content\/uploads\/2024\/10\/logo-mn-blue.png","contentUrl":"https:\/\/minutonoticia.com\/wp-content\/uploads\/2024\/10\/logo-mn-blue.png","width":174,"height":90,"caption":"Minuto Not\u00edcia"},"image":{"@id":"https:\/\/minutonoticia.com\/#\/schema\/logo\/image\/"}}]}},"_links":{"self":[{"href":"https:\/\/minutonoticia.com\/ja\/wp-json\/wp\/v2\/pages\/32672","targetHints":{"allow":["GET"]}}],"collection":[{"href":"https:\/\/minutonoticia.com\/ja\/wp-json\/wp\/v2\/pages"}],"about":[{"href":"https:\/\/minutonoticia.com\/ja\/wp-json\/wp\/v2\/types\/page"}],"author":[{"embeddable":true,"href":"https:\/\/minutonoticia.com\/ja\/wp-json\/wp\/v2\/users\/1"}],"replies":[{"embeddable":true,"href":"https:\/\/minutonoticia.com\/ja\/wp-json\/wp\/v2\/comments?post=32672"}],"version-history":[{"count":2,"href":"https:\/\/minutonoticia.com\/ja\/wp-json\/wp\/v2\/pages\/32672\/revisions"}],"predecessor-version":[{"id":32718,"href":"https:\/\/minutonoticia.com\/ja\/wp-json\/wp\/v2\/pages\/32672\/revisions\/32718"}],"wp:attachment":[{"href":"https:\/\/minutonoticia.com\/ja\/wp-json\/wp\/v2\/media?parent=32672"}],"curies":[{"name":"wp","href":"https:\/\/api.w.org\/{rel}","templated":true}]}}