{"id":37,"date":"2019-10-20T17:05:35","date_gmt":"2019-10-20T17:05:35","guid":{"rendered":"http:\/\/thedayworld.com\/?page_id=37"},"modified":"2024-10-17T17:20:17","modified_gmt":"2024-10-17T20:20:17","slug":"privacidade","status":"publish","type":"page","link":"https:\/\/minutonoticia.com\/ja\/privacidade\/","title":{"rendered":"Pol\u00edtica de Privacidade"},"content":{"rendered":"<h2 class=\"wp-block-heading\">Pol\u00edtica de Privacidade para Minuto Not\u00edcia<\/h2>\n\n\n\n<p>Em Minuto Not\u00edcia, uma de nossas principais prioridades \u00e9 a privacidade de nossos visitantes. Este documento da Pol\u00edtica de Privacidade cont\u00e9m tipos de informa\u00e7\u00f5es que s\u00e3o coletadas e registradas por Minuto Not\u00edcia e como as usamos.<\/p>\n\n\n\n<p>Se voc\u00ea tiver d\u00favidas adicionais ou precisar de mais informa\u00e7\u00f5es sobre nossa Pol\u00edtica de Privacidade, n\u00e3o hesite em nos contactar pela nossa p\u00e1gina de contato.<\/p>\n\n\n\n<h2 class=\"wp-block-heading\">Arquivos de log<\/h2>\n\n\n\n<p>Minuto Not\u00edcia segue um procedimento padr\u00e3o de uso de arquivos de log. Esses arquivos registram os visitantes quando eles visitam sites. Todas as empresas de hospedagem fazem isso e fazem parte da an\u00e1lise dos servi\u00e7os de hospedagem. As informa\u00e7\u00f5es coletadas pelos arquivos de log incluem endere\u00e7os de protocolo da Internet (IP), tipo de navegador, provedor de servi\u00e7os de Internet (ISP), carimbo de data e hora, p\u00e1ginas de refer\u00eancia \/ sa\u00edda e, possivelmente, o n\u00famero de cliques. Elas n\u00e3o est\u00e3o vinculadas a nenhuma informa\u00e7\u00e3o que seja pessoalmente identific\u00e1vel. O objetivo das informa\u00e7\u00f5es \u00e9 analisar tend\u00eancias, administrar o site, rastrear o movimento dos usu\u00e1rios no site e coletar informa\u00e7\u00f5es demogr\u00e1ficas.<\/p>\n\n\n\n<h2 class=\"wp-block-heading\">Cookies e Web Beacons<\/h2>\n\n\n\n<p>Como qualquer outro site, o Minuto Not\u00edcia usa &#8216;cookies&#8217;. Esses cookies s\u00e3o usados \u200b\u200bpara armazenar informa\u00e7\u00f5es, incluindo as prefer\u00eancias dos visitantes, e as p\u00e1ginas no site que o visitante acessou ou visitou. As informa\u00e7\u00f5es s\u00e3o usadas para otimizar a experi\u00eancia dos usu\u00e1rios, personalizando o conte\u00fado de nossa p\u00e1gina da web com base no tipo de navegador dos visitantes e \/ ou outras informa\u00e7\u00f5es.<\/p>\n\n\n\n<h2 class=\"wp-block-heading\">Cookie DART do Google DoubleClick<\/h2>\n\n\n\n<p>O Google \u00e9 um fornecedor de terceiros em nosso site. Ele tamb\u00e9m usa cookies, conhecidos como cookies do DART, para veicular an\u00fancios para os visitantes do nosso site com base em sua visita a nosso site e outros sites na Internet. No entanto, os visitantes podem optar por recusar o uso de cookies do DART, visitando a Pol\u00edtica de Privacidade da rede de an\u00fancios e conte\u00fado do Google no seguinte URL &#8211; https:\/\/policies.google.com\/technologies\/ads<\/p>\n\n\n\n<h2 class=\"wp-block-heading\">Nossos parceiros de publicidade<\/h2>\n\n\n\n<p>Alguns anunciantes em nosso site podem usar cookies e web beacons. Nossos parceiros de publicidade est\u00e3o listados abaixo. Cada um de nossos parceiros de publicidade possui sua pr\u00f3pria Pol\u00edtica de Privacidade para suas pol\u00edticas de dados do usu\u00e1rio. Para um acesso mais f\u00e1cil, criamos um link para as pol\u00edticas de privacidade abaixo.<\/p>\n\n\n\n<p>Google https:\/\/policies.google.com\/technologies\/ads<\/p>\n\n\n\n<h2 class=\"wp-block-heading\">Pol\u00edticas de privacidade<\/h2>\n\n\n\n<p>Voc\u00ea pode consultar esta lista para encontrar a Pol\u00edtica de Privacidade de cada um dos parceiros de publicidade do Minuto Not\u00edcia. Nossa Pol\u00edtica de Privacidade foi criada com a ajuda do Gerador de Pol\u00edticas de Privacidade e do Gerador de Pol\u00edticas de Privacidade.<\/p>\n\n\n\n<p>Servidores ou redes de an\u00fancios de terceiros usam tecnologias como cookies, JavaScript ou Web Beacons que s\u00e3o usados \u200b\u200bem seus respectivos an\u00fancios e links que aparecem em Minuto Not\u00edcia, que s\u00e3o enviados diretamente ao navegador dos usu\u00e1rios. Eles recebem automaticamente seu endere\u00e7o IP quando isso ocorre. Essas tecnologias s\u00e3o usadas para medir a efic\u00e1cia de suas campanhas publicit\u00e1rias e \/ ou para personalizar o conte\u00fado de publicidade exibido nos sites que voc\u00ea visita.<\/p>\n\n\n\n<p>Observe que o Minuto Not\u00edcia n\u00e3o tem acesso ou controle sobre esses cookies usados \u200b\u200bpor anunciantes de terceiros.<\/p>\n\n\n\n<h2 class=\"wp-block-heading\">Pol\u00edticas de Privacidade de Terceiros<\/h2>\n\n\n\n<p>A Pol\u00edtica de Privacidade do Minuto Not\u00edcia n\u00e3o se aplica a outros anunciantes ou sites. Portanto, recomendamos que voc\u00ea consulte as respectivas Pol\u00edticas de Privacidade desses servidores de an\u00fancios de terceiros para obter informa\u00e7\u00f5es mais detalhadas. Pode incluir suas pr\u00e1ticas e instru\u00e7\u00f5es sobre como desativar determinadas op\u00e7\u00f5es. Voc\u00ea pode encontrar uma lista completa dessas Pol\u00edticas de Privacidade e seus links aqui: Links da Pol\u00edtica de Privacidade.<\/p>\n\n\n\n<p>Voc\u00ea pode optar por desativar os cookies atrav\u00e9s das op\u00e7\u00f5es individuais do seu navegador. Para conhecer informa\u00e7\u00f5es mais detalhadas sobre o gerenciamento de cookies com navegadores da web espec\u00edficos, ele pode ser encontrado nos respectivos sites. O que s\u00e3o cookies?<\/p>\n\n\n\n<h2 class=\"wp-block-heading\">Informa\u00e7\u00f5es para Crian\u00e7as<\/h2>\n\n\n\n<p>Outra parte de nossa prioridade \u00e9 adicionar prote\u00e7\u00e3o para crian\u00e7as enquanto estiver usando a Internet. Incentivamos os pais e respons\u00e1veis \u200b\u200ba observar, participar e \/ ou monitorar e orientar suas atividades on-line.<\/p>\n\n\n\n<p>Minuto Not\u00edcia n\u00e3o coleta conscientemente nenhuma informa\u00e7\u00e3o pessoal identific\u00e1vel de crian\u00e7as menores de 13 anos. Se voc\u00ea acha que seu filho forneceu esse tipo de informa\u00e7\u00e3o em nosso site, recomendamos que voc\u00ea entre em contato imediatamente e faremos o poss\u00edvel para remova imediatamente essas informa\u00e7\u00f5es de nossos registros.<\/p>\n\n\n\n<h2 class=\"wp-block-heading\">Apenas Pol\u00edtica de Privacidade Online<\/h2>\n\n\n\n<p>Esta Pol\u00edtica de Privacidade aplica-se apenas \u00e0s nossas atividades online e \u00e9 v\u00e1lida para os visitantes do nosso site no que diz respeito \u00e0s informa\u00e7\u00f5es que eles compartilharam e \/ ou coletam em Minuto Not\u00edcia. Esta pol\u00edtica n\u00e3o \u00e9 aplic\u00e1vel a nenhuma informa\u00e7\u00e3o coletada offline ou atrav\u00e9s de canais diferentes deste site.<\/p>\n\n\n\n<h2 class=\"wp-block-heading\">Consentimento<\/h2>\n\n\n\n<p>Ao usar nosso site, voc\u00ea concorda com nossa Pol\u00edtica de Privacidade e concorda com seus Termos e Condi\u00e7\u00f5es.<\/p>","protected":false},"excerpt":{"rendered":"","protected":false},"author":1,"featured_media":38,"parent":0,"menu_order":0,"comment_status":"closed","ping_status":"closed","template":"","meta":{"footnotes":""},"class_list":{"0":"post-37","1":"page","2":"type-page","3":"status-publish","4":"has-post-thumbnail","6":"infinite-scroll-item"},"yoast_head":"<!-- This site is optimized with the Yoast SEO plugin v26.7 - https:\/\/yoast.com\/wordpress\/plugins\/seo\/ -->\n<title>Pol\u00edtica de Privacidade - Minuto Not\u00edcia<\/title>\n<meta name=\"robots\" content=\"noindex, nofollow\" \/>\n<meta property=\"og:locale\" content=\"ja_JP\" \/>\n<meta property=\"og:type\" content=\"article\" \/>\n<meta property=\"og:title\" content=\"Pol\u00edtica de Privacidade - Minuto Not\u00edcia\" \/>\n<meta property=\"og:url\" content=\"https:\/\/minutonoticia.com\/ja\/privacidade\/\" \/>\n<meta property=\"og:site_name\" content=\"Minuto Not\u00edcia\" \/>\n<meta property=\"article:modified_time\" content=\"2024-10-17T20:20:17+00:00\" \/>\n<meta name=\"twitter:card\" content=\"summary_large_image\" \/>\n<meta name=\"twitter:label1\" content=\"\u63a8\u5b9a\u8aad\u307f\u53d6\u308a\u6642\u9593\" \/>\n\t<meta name=\"twitter:data1\" content=\"5\u5206\" \/>\n<script type=\"application\/ld+json\" class=\"yoast-schema-graph\">{\"@context\":\"https:\/\/schema.org\",\"@graph\":[{\"@type\":\"WebPage\",\"@id\":\"https:\/\/minutonoticia.com\/privacidade\/\",\"url\":\"https:\/\/minutonoticia.com\/privacidade\/\",\"name\":\"Pol\u00edtica de Privacidade - Minuto Not\u00edcia\",\"isPartOf\":{\"@id\":\"https:\/\/minutonoticia.com\/#website\"},\"primaryImageOfPage\":{\"@id\":\"https:\/\/minutonoticia.com\/privacidade\/#primaryimage\"},\"image\":{\"@id\":\"https:\/\/minutonoticia.com\/privacidade\/#primaryimage\"},\"thumbnailUrl\":\"\",\"datePublished\":\"2019-10-20T17:05:35+00:00\",\"dateModified\":\"2024-10-17T20:20:17+00:00\",\"breadcrumb\":{\"@id\":\"https:\/\/minutonoticia.com\/privacidade\/#breadcrumb\"},\"inLanguage\":\"ja\",\"potentialAction\":[{\"@type\":\"ReadAction\",\"target\":[\"https:\/\/minutonoticia.com\/privacidade\/\"]}]},{\"@type\":\"ImageObject\",\"inLanguage\":\"ja\",\"@id\":\"https:\/\/minutonoticia.com\/privacidade\/#primaryimage\",\"url\":\"\",\"contentUrl\":\"\"},{\"@type\":\"BreadcrumbList\",\"@id\":\"https:\/\/minutonoticia.com\/privacidade\/#breadcrumb\",\"itemListElement\":[{\"@type\":\"ListItem\",\"position\":1,\"name\":\"In\u00edcio\",\"item\":\"https:\/\/minutonoticia.com\/\"},{\"@type\":\"ListItem\",\"position\":2,\"name\":\"Pol\u00edtica de Privacidade\"}]},{\"@type\":\"WebSite\",\"@id\":\"https:\/\/minutonoticia.com\/#website\",\"url\":\"https:\/\/minutonoticia.com\/\",\"name\":\"Minuto Not\u00edcia\",\"description\":\"Imforma\u00e7\u00e3o atual e de qualidade.\",\"publisher\":{\"@id\":\"https:\/\/minutonoticia.com\/#organization\"},\"potentialAction\":[{\"@type\":\"SearchAction\",\"target\":{\"@type\":\"EntryPoint\",\"urlTemplate\":\"https:\/\/minutonoticia.com\/?s={search_term_string}\"},\"query-input\":{\"@type\":\"PropertyValueSpecification\",\"valueRequired\":true,\"valueName\":\"search_term_string\"}}],\"inLanguage\":\"ja\"},{\"@type\":\"Organization\",\"@id\":\"https:\/\/minutonoticia.com\/#organization\",\"name\":\"Minuto Not\u00edcia\",\"url\":\"https:\/\/minutonoticia.com\/\",\"logo\":{\"@type\":\"ImageObject\",\"inLanguage\":\"ja\",\"@id\":\"https:\/\/minutonoticia.com\/#\/schema\/logo\/image\/\",\"url\":\"https:\/\/minutonoticia.com\/wp-content\/uploads\/2024\/10\/logo-mn-blue.png\",\"contentUrl\":\"https:\/\/minutonoticia.com\/wp-content\/uploads\/2024\/10\/logo-mn-blue.png\",\"width\":174,\"height\":90,\"caption\":\"Minuto Not\u00edcia\"},\"image\":{\"@id\":\"https:\/\/minutonoticia.com\/#\/schema\/logo\/image\/\"}}]}<\/script>\n<!-- \/ Yoast SEO plugin. -->","yoast_head_json":{"title":"Pol\u00edtica de Privacidade - Minuto Not\u00edcia","robots":{"index":"noindex","follow":"nofollow"},"og_locale":"ja_JP","og_type":"article","og_title":"Pol\u00edtica de Privacidade - Minuto Not\u00edcia","og_url":"https:\/\/minutonoticia.com\/ja\/privacidade\/","og_site_name":"Minuto Not\u00edcia","article_modified_time":"2024-10-17T20:20:17+00:00","twitter_card":"summary_large_image","twitter_misc":{"\u63a8\u5b9a\u8aad\u307f\u53d6\u308a\u6642\u9593":"5\u5206"},"schema":{"@context":"https:\/\/schema.org","@graph":[{"@type":"WebPage","@id":"https:\/\/minutonoticia.com\/privacidade\/","url":"https:\/\/minutonoticia.com\/privacidade\/","name":"Pol\u00edtica de Privacidade - Minuto Not\u00edcia","isPartOf":{"@id":"https:\/\/minutonoticia.com\/#website"},"primaryImageOfPage":{"@id":"https:\/\/minutonoticia.com\/privacidade\/#primaryimage"},"image":{"@id":"https:\/\/minutonoticia.com\/privacidade\/#primaryimage"},"thumbnailUrl":"","datePublished":"2019-10-20T17:05:35+00:00","dateModified":"2024-10-17T20:20:17+00:00","breadcrumb":{"@id":"https:\/\/minutonoticia.com\/privacidade\/#breadcrumb"},"inLanguage":"ja","potentialAction":[{"@type":"ReadAction","target":["https:\/\/minutonoticia.com\/privacidade\/"]}]},{"@type":"ImageObject","inLanguage":"ja","@id":"https:\/\/minutonoticia.com\/privacidade\/#primaryimage","url":"","contentUrl":""},{"@type":"BreadcrumbList","@id":"https:\/\/minutonoticia.com\/privacidade\/#breadcrumb","itemListElement":[{"@type":"ListItem","position":1,"name":"In\u00edcio","item":"https:\/\/minutonoticia.com\/"},{"@type":"ListItem","position":2,"name":"Pol\u00edtica de Privacidade"}]},{"@type":"WebSite","@id":"https:\/\/minutonoticia.com\/#website","url":"https:\/\/minutonoticia.com\/","name":"Minuto Not\u00edcia","description":"Imforma\u00e7\u00e3o atual e de qualidade.","publisher":{"@id":"https:\/\/minutonoticia.com\/#organization"},"potentialAction":[{"@type":"SearchAction","target":{"@type":"EntryPoint","urlTemplate":"https:\/\/minutonoticia.com\/?s={search_term_string}"},"query-input":{"@type":"PropertyValueSpecification","valueRequired":true,"valueName":"search_term_string"}}],"inLanguage":"ja"},{"@type":"Organization","@id":"https:\/\/minutonoticia.com\/#organization","name":"Minuto Not\u00edcia","url":"https:\/\/minutonoticia.com\/","logo":{"@type":"ImageObject","inLanguage":"ja","@id":"https:\/\/minutonoticia.com\/#\/schema\/logo\/image\/","url":"https:\/\/minutonoticia.com\/wp-content\/uploads\/2024\/10\/logo-mn-blue.png","contentUrl":"https:\/\/minutonoticia.com\/wp-content\/uploads\/2024\/10\/logo-mn-blue.png","width":174,"height":90,"caption":"Minuto Not\u00edcia"},"image":{"@id":"https:\/\/minutonoticia.com\/#\/schema\/logo\/image\/"}}]}},"_links":{"self":[{"href":"https:\/\/minutonoticia.com\/ja\/wp-json\/wp\/v2\/pages\/37","targetHints":{"allow":["GET"]}}],"collection":[{"href":"https:\/\/minutonoticia.com\/ja\/wp-json\/wp\/v2\/pages"}],"about":[{"href":"https:\/\/minutonoticia.com\/ja\/wp-json\/wp\/v2\/types\/page"}],"author":[{"embeddable":true,"href":"https:\/\/minutonoticia.com\/ja\/wp-json\/wp\/v2\/users\/1"}],"replies":[{"embeddable":true,"href":"https:\/\/minutonoticia.com\/ja\/wp-json\/wp\/v2\/comments?post=37"}],"version-history":[{"count":7,"href":"https:\/\/minutonoticia.com\/ja\/wp-json\/wp\/v2\/pages\/37\/revisions"}],"predecessor-version":[{"id":32478,"href":"https:\/\/minutonoticia.com\/ja\/wp-json\/wp\/v2\/pages\/37\/revisions\/32478"}],"wp:featuredmedia":[{"embeddable":true,"href":"https:\/\/minutonoticia.com\/ja\/wp-json\/"}],"wp:attachment":[{"href":"https:\/\/minutonoticia.com\/ja\/wp-json\/wp\/v2\/media?parent=37"}],"curies":[{"name":"wp","href":"https:\/\/api.w.org\/{rel}","templated":true}]}}